{"id":14,"date":"2015-10-18T13:21:39","date_gmt":"2015-10-18T13:21:39","guid":{"rendered":"http:\/\/www.uhrf.se\/?page_id=14"},"modified":"2026-03-03T09:43:55","modified_gmt":"2026-03-03T09:43:55","slug":"styrelse","status":"publish","type":"page","link":"http:\/\/www.uhrf.se\/index.php\/styrelse\/","title":{"rendered":"Styrelse"},"content":{"rendered":"<p><strong>Ordf\u00f6rande<\/strong><br \/>Jur. dr Robert Mold\u00e9n, Advokataktiebolaget Albatross<strong>, <\/strong><a href=\"mailto:robert.molden@albatross.law\">robert.molden@albatross.law<\/a><\/p>\n<p><strong>Vice ordf\u00f6rande<br \/><\/strong>Eva Nordlund, Partille kommun, <a href=\"mailto:eva.nordlund@partille.se\">eva.nordlund@partille.se<\/a><\/p>\n<p><strong>Kass\u00f6r<\/strong><br \/>Linda Dahlstr\u00f6m, ADDA<strong>, <\/strong><a href=\"mailto:linda.dahlstrom@adda.se\">linda.dahlstrom@adda.se<\/a><\/p>\n<p><strong>Sekreterare<\/strong><br \/>Susanne Paulsson, CGI, <a href=\"mailto:susanne.paulsson@cgi.com\">susanne.paulsson@cgi.com<\/a><\/p>\n<p><strong>Ledam\u00f6ter:<br \/><\/strong>Katarina Kristiansson, Trafikverket<strong>, <\/strong><a href=\"mailto:katarina.kristiansson@trafikverket.se\">katarina.kristiansson@trafikverket.se<\/a><\/p>\n<p>Eva R\u00f6mbo, Kammarr\u00e4tten i G\u00f6teborg,\u00a0<a href=\"mailto:eva.rombo@dom.se\">eva.rombo@dom.se<\/a><\/p>\n<p>Johanna Jonsson, Mannheimer Swartling,\u00a0<a href=\"mailto:johanna.jonsson@msa.se\">johanna.jonsson@msa.se<\/a><\/p>\n<p>Mats Persson, G\u00f6teborgs Universitet, <a href=\"mailto:mats.persson@law.gu.se\">mats.persson@law.gu.se<\/a><\/p>\n\n\n<p><\/p>\n","protected":false},"excerpt":{"rendered":"<p>Ordf\u00f6randeJur. dr Robert Mold\u00e9n, Advokataktiebolaget Albatross, robert.molden@albatross.law Vice ordf\u00f6randeEva Nordlund, Partille kommun, eva.nordlund@partille.se Kass\u00f6rLinda Dahlstr\u00f6m, ADDA, linda.dahlstrom@adda.se SekreterareSusanne Paulsson, CGI, susanne.paulsson@cgi.com Ledam\u00f6ter:Katarina Kristiansson, Trafikverket, katarina.kristiansson@trafikverket.se Eva R\u00f6mbo, Kammarr\u00e4tten i G\u00f6teborg,\u00a0eva.rombo@dom.se Johanna Jonsson, Mannheimer Swartling,\u00a0johanna.jonsson@msa.se Mats Persson, G\u00f6teborgs Universitet, mats.persson@law.gu.se<\/p>\n","protected":false},"author":1,"featured_media":231,"parent":0,"menu_order":0,"comment_status":"closed","ping_status":"closed","template":"","meta":[],"_links":{"self":[{"href":"http:\/\/www.uhrf.se\/index.php\/wp-json\/wp\/v2\/pages\/14"}],"collection":[{"href":"http:\/\/www.uhrf.se\/index.php\/wp-json\/wp\/v2\/pages"}],"about":[{"href":"http:\/\/www.uhrf.se\/index.php\/wp-json\/wp\/v2\/types\/page"}],"author":[{"embeddable":true,"href":"http:\/\/www.uhrf.se\/index.php\/wp-json\/wp\/v2\/users\/1"}],"replies":[{"embeddable":true,"href":"http:\/\/www.uhrf.se\/index.php\/wp-json\/wp\/v2\/comments?post=14"}],"version-history":[{"count":28,"href":"http:\/\/www.uhrf.se\/index.php\/wp-json\/wp\/v2\/pages\/14\/revisions"}],"predecessor-version":[{"id":494,"href":"http:\/\/www.uhrf.se\/index.php\/wp-json\/wp\/v2\/pages\/14\/revisions\/494"}],"wp:featuredmedia":[{"embeddable":true,"href":"http:\/\/www.uhrf.se\/index.php\/wp-json\/wp\/v2\/media\/231"}],"wp:attachment":[{"href":"http:\/\/www.uhrf.se\/index.php\/wp-json\/wp\/v2\/media?parent=14"}],"curies":[{"name":"wp","href":"https:\/\/api.w.org\/{rel}","templated":true}]}}