{"id":12,"date":"2015-10-18T13:21:32","date_gmt":"2015-10-18T13:21:32","guid":{"rendered":"http:\/\/www.uhrf.se\/?page_id=12"},"modified":"2025-09-12T11:49:18","modified_gmt":"2025-09-12T11:49:18","slug":"kontakt","status":"publish","type":"page","link":"https:\/\/www.uhrf.se\/index.php\/kontakt\/","title":{"rendered":"Om f\u00f6reningen"},"content":{"rendered":"<p><img loading=\"lazy\" class=\"alignnone size-large wp-image-369\" src=\"http:\/\/www.uhrf.se\/wp-content\/uploads\/2022\/10\/liseberg-1024x682.png\" alt=\"\" width=\"780\" height=\"519\" srcset=\"https:\/\/www.uhrf.se\/wp-content\/uploads\/2022\/10\/liseberg-1024x682.png 1024w, https:\/\/www.uhrf.se\/wp-content\/uploads\/2022\/10\/liseberg-300x200.png 300w, https:\/\/www.uhrf.se\/wp-content\/uploads\/2022\/10\/liseberg-768x512.png 768w, https:\/\/www.uhrf.se\/wp-content\/uploads\/2022\/10\/liseberg-1536x1023.png 1536w, https:\/\/www.uhrf.se\/wp-content\/uploads\/2022\/10\/liseberg-2048x1364.png 2048w\" sizes=\"(max-width: 780px) 100vw, 780px\" \/><\/p>\n<p>Upphandlingsr\u00e4ttsliga f\u00f6reningen \u00e4r en ideell och oberoende f\u00f6rening.<\/p>\n<p>F\u00f6reningens syfte \u00e4r att anordna sammankomster f\u00f6r medlemmar med f\u00f6redrag eller diskussioner kring aktuella upphandlingsr\u00e4ttsliga fr\u00e5gor samt att sprida information till f\u00f6reningens medlemmar om r\u00e4ttsutvecklingen inom upphandlingsr\u00e4tten.<br \/>\nF\u00f6reningen har \u00e4ven till syfte att fr\u00e4mja den undervisning och forskning inom upphandlingsr\u00e4ttens omr\u00e5de som bedrivs vid Juridiska institutionen vid Handelsh\u00f6gskolan i G\u00f6teborg.<\/p>\n<p>Verksamheten finansieras huvudsakligen genom ekonomiskt st\u00f6d fr\u00e5n st\u00f6djande medlemmar, vilka som regel \u00e4r arbetsgivare f\u00f6r personer som deltar vid f\u00f6reningens m\u00f6ten.<\/p>\n<p>F\u00f6rdelarna med att vara st\u00f6djande medlem \u00e4r i korthet f\u00f6ljande.<\/p>\n<ul>\n<li>Vid f\u00f6reningens m\u00f6ten har medarbetare hos den st\u00f6djande medlemmen m\u00f6jlighet att delta kostnadsfritt.<\/li>\n<li>Inneh\u00e5llet i f\u00f6reningens seminarier \u00e4r en naturlig del i de anst\u00e4lldas kompetens\u00adutveckling.<\/li>\n<li>F\u00f6reningens m\u00f6ten \u00e4r utm\u00e4rkta tillf\u00e4llen f\u00f6r n\u00e4tverksbyggande.<\/li>\n<li>En st\u00f6djande medlem kan omn\u00e4mnas i samband med f\u00f6reningens m\u00f6ten om medlemmen har \u00f6nskem\u00e5l om det.<\/li>\n<\/ul>\n<p>Avgiften f\u00f6r st\u00f6djande medlem uppg\u00e5r till sammanlagt 3\u00a0000 kronor.<br \/>\nF\u00f6r personer vars arbetsgivare inte \u00e4r st\u00f6dmedlemmar utg\u00e5r en avgift om 200 kr f\u00f6r deltagande\u00a0per m\u00f6te.<br \/>\nBetalning ska ske f\u00f6re m\u00f6tet till f\u00f6reningens bankgironummer 670-2120 alternativt plusgiro nr\u00a056\u00a067\u00a009\u20112.<br \/>\nAnge namn som referens vid betalning.<\/p>\n<p>Kontaktperson: Susanne Paulsson<br \/>\nMail: <a href=\"mailto:info@uhrf.se\">info@uhrf.se<\/a><\/p>\n","protected":false},"excerpt":{"rendered":"<p>Upphandlingsr\u00e4ttsliga f\u00f6reningen \u00e4r en ideell och oberoende f\u00f6rening. F\u00f6reningens syfte \u00e4r att anordna sammankomster f\u00f6r medlemmar med f\u00f6redrag eller diskussioner kring aktuella upphandlingsr\u00e4ttsliga fr\u00e5gor samt att sprida information till f\u00f6reningens medlemmar om r\u00e4ttsutvecklingen inom upphandlingsr\u00e4tten. F\u00f6reningen har \u00e4ven till syfte <a class=\"more-link\" href=\"https:\/\/www.uhrf.se\/index.php\/kontakt\/\">Read More &#8230;<\/a><\/p>\n","protected":false},"author":1,"featured_media":0,"parent":0,"menu_order":0,"comment_status":"closed","ping_status":"closed","template":"","meta":[],"_links":{"self":[{"href":"https:\/\/www.uhrf.se\/index.php\/wp-json\/wp\/v2\/pages\/12"}],"collection":[{"href":"https:\/\/www.uhrf.se\/index.php\/wp-json\/wp\/v2\/pages"}],"about":[{"href":"https:\/\/www.uhrf.se\/index.php\/wp-json\/wp\/v2\/types\/page"}],"author":[{"embeddable":true,"href":"https:\/\/www.uhrf.se\/index.php\/wp-json\/wp\/v2\/users\/1"}],"replies":[{"embeddable":true,"href":"https:\/\/www.uhrf.se\/index.php\/wp-json\/wp\/v2\/comments?post=12"}],"version-history":[{"count":17,"href":"https:\/\/www.uhrf.se\/index.php\/wp-json\/wp\/v2\/pages\/12\/revisions"}],"predecessor-version":[{"id":474,"href":"https:\/\/www.uhrf.se\/index.php\/wp-json\/wp\/v2\/pages\/12\/revisions\/474"}],"wp:attachment":[{"href":"https:\/\/www.uhrf.se\/index.php\/wp-json\/wp\/v2\/media?parent=12"}],"curies":[{"name":"wp","href":"https:\/\/api.w.org\/{rel}","templated":true}]}}